{"id":7,"date":"2021-01-07T13:10:29","date_gmt":"2021-01-07T12:10:29","guid":{"rendered":"http:\/\/hn4.hekko24.pl\/projekty\/sulima\/index.php\/koszyk\/"},"modified":"2024-04-29T10:35:41","modified_gmt":"2024-04-29T08:35:41","slug":"koszyk","status":"publish","type":"page","link":"https:\/\/sulima.pl\/index.php\/koszyk\/","title":{"rendered":"Koszyk"},"content":{"rendered":"[woocommerce_cart]\n","protected":false},"excerpt":{"rendered":"[woocommerce_cart]","protected":false},"author":1,"featured_media":0,"parent":0,"menu_order":0,"comment_status":"closed","ping_status":"closed","template":"","meta":{"footnotes":""},"yoast_head":"<!-- This site is optimized with the Yoast SEO plugin v23.6 - https:\/\/yoast.com\/wordpress\/plugins\/seo\/ -->\n<title>Koszyk - Sulima | Producent chemii dla domu i przemys\u0142u<\/title>\n<meta name=\"robots\" content=\"noindex, follow\" \/>\n<meta property=\"og:locale\" content=\"pl_PL\" \/>\n<meta property=\"og:type\" content=\"article\" \/>\n<meta property=\"og:title\" content=\"Koszyk - Sulima | Producent chemii dla domu i przemys\u0142u\" \/>\n<meta property=\"og:url\" content=\"https:\/\/sulima.pl\/index.php\/koszyk\/\" \/>\n<meta property=\"og:site_name\" content=\"Sulima | Producent chemii dla domu i przemys\u0142u\" \/>\n<meta property=\"article:modified_time\" content=\"2024-04-29T08:35:41+00:00\" \/>\n<meta name=\"twitter:card\" content=\"summary_large_image\" \/>\n<meta name=\"twitter:label1\" content=\"Szacowany czas czytania\" \/>\n\t<meta name=\"twitter:data1\" content=\"1 minuta\" \/>\n<script type=\"application\/ld+json\" class=\"yoast-schema-graph\">{\"@context\":\"https:\/\/schema.org\",\"@graph\":[{\"@type\":\"WebPage\",\"@id\":\"https:\/\/sulima.pl\/index.php\/koszyk\/\",\"url\":\"https:\/\/sulima.pl\/index.php\/koszyk\/\",\"name\":\"Koszyk - Sulima | Producent chemii dla domu i przemys\u0142u\",\"isPartOf\":{\"@id\":\"https:\/\/ru.sulima.eu\/#website\"},\"datePublished\":\"2021-01-07T12:10:29+00:00\",\"dateModified\":\"2024-04-29T08:35:41+00:00\",\"breadcrumb\":{\"@id\":\"https:\/\/sulima.pl\/index.php\/koszyk\/#breadcrumb\"},\"inLanguage\":\"pl-PL\",\"potentialAction\":[{\"@type\":\"ReadAction\",\"target\":[\"https:\/\/sulima.pl\/index.php\/koszyk\/\"]}]},{\"@type\":\"BreadcrumbList\",\"@id\":\"https:\/\/sulima.pl\/index.php\/koszyk\/#breadcrumb\",\"itemListElement\":[{\"@type\":\"ListItem\",\"position\":1,\"name\":\"Strona g\u0142\u00f3wna\",\"item\":\"https:\/\/sulima.pl\/\"},{\"@type\":\"ListItem\",\"position\":2,\"name\":\"Koszyk\"}]},{\"@type\":\"WebSite\",\"@id\":\"https:\/\/ru.sulima.eu\/#website\",\"url\":\"https:\/\/ru.sulima.eu\/\",\"name\":\"Sulima | Producent chemii dla domu i przemys\u0142u\",\"description\":\"pasty \u017cele do mycia r\u0105k p\u0142yny koncentraty myj\u0105ce \u015brodki chemiczne\",\"potentialAction\":[{\"@type\":\"SearchAction\",\"target\":{\"@type\":\"EntryPoint\",\"urlTemplate\":\"https:\/\/ru.sulima.eu\/?s={search_term_string}\"},\"query-input\":{\"@type\":\"PropertyValueSpecification\",\"valueRequired\":true,\"valueName\":\"search_term_string\"}}],\"inLanguage\":\"pl-PL\"}]}<\/script>\n<!-- \/ Yoast SEO plugin. -->","yoast_head_json":{"title":"Koszyk - Sulima | Producent chemii dla domu i przemys\u0142u","robots":{"index":"noindex","follow":"follow"},"og_locale":"pl_PL","og_type":"article","og_title":"Koszyk - Sulima | Producent chemii dla domu i przemys\u0142u","og_url":"https:\/\/sulima.pl\/index.php\/koszyk\/","og_site_name":"Sulima | Producent chemii dla domu i przemys\u0142u","article_modified_time":"2024-04-29T08:35:41+00:00","twitter_card":"summary_large_image","twitter_misc":{"Szacowany czas czytania":"1 minuta"},"schema":{"@context":"https:\/\/schema.org","@graph":[{"@type":"WebPage","@id":"https:\/\/sulima.pl\/index.php\/koszyk\/","url":"https:\/\/sulima.pl\/index.php\/koszyk\/","name":"Koszyk - Sulima | Producent chemii dla domu i przemys\u0142u","isPartOf":{"@id":"https:\/\/ru.sulima.eu\/#website"},"datePublished":"2021-01-07T12:10:29+00:00","dateModified":"2024-04-29T08:35:41+00:00","breadcrumb":{"@id":"https:\/\/sulima.pl\/index.php\/koszyk\/#breadcrumb"},"inLanguage":"pl-PL","potentialAction":[{"@type":"ReadAction","target":["https:\/\/sulima.pl\/index.php\/koszyk\/"]}]},{"@type":"BreadcrumbList","@id":"https:\/\/sulima.pl\/index.php\/koszyk\/#breadcrumb","itemListElement":[{"@type":"ListItem","position":1,"name":"Strona g\u0142\u00f3wna","item":"https:\/\/sulima.pl\/"},{"@type":"ListItem","position":2,"name":"Koszyk"}]},{"@type":"WebSite","@id":"https:\/\/ru.sulima.eu\/#website","url":"https:\/\/ru.sulima.eu\/","name":"Sulima | Producent chemii dla domu i przemys\u0142u","description":"pasty \u017cele do mycia r\u0105k p\u0142yny koncentraty myj\u0105ce \u015brodki chemiczne","potentialAction":[{"@type":"SearchAction","target":{"@type":"EntryPoint","urlTemplate":"https:\/\/ru.sulima.eu\/?s={search_term_string}"},"query-input":{"@type":"PropertyValueSpecification","valueRequired":true,"valueName":"search_term_string"}}],"inLanguage":"pl-PL"}]}},"_links":{"self":[{"href":"https:\/\/sulima.pl\/index.php\/wp-json\/wp\/v2\/pages\/7"}],"collection":[{"href":"https:\/\/sulima.pl\/index.php\/wp-json\/wp\/v2\/pages"}],"about":[{"href":"https:\/\/sulima.pl\/index.php\/wp-json\/wp\/v2\/types\/page"}],"author":[{"embeddable":true,"href":"https:\/\/sulima.pl\/index.php\/wp-json\/wp\/v2\/users\/1"}],"replies":[{"embeddable":true,"href":"https:\/\/sulima.pl\/index.php\/wp-json\/wp\/v2\/comments?post=7"}],"version-history":[{"count":0,"href":"https:\/\/sulima.pl\/index.php\/wp-json\/wp\/v2\/pages\/7\/revisions"}],"wp:attachment":[{"href":"https:\/\/sulima.pl\/index.php\/wp-json\/wp\/v2\/media?parent=7"}],"curies":[{"name":"wp","href":"https:\/\/api.w.org\/{rel}","templated":true}]}}