{"id":6294,"date":"2021-03-22T16:35:02","date_gmt":"2021-03-22T15:35:02","guid":{"rendered":"http:\/\/hn4.hekko24.pl\/projekty\/sulima\/?page_id=6294"},"modified":"2024-10-08T11:55:50","modified_gmt":"2024-10-08T09:55:50","slug":"plyny-i-koncentraty-do-przemyslu-celulozowo-papierniczego","status":"publish","type":"page","link":"https:\/\/sulima.pl\/index.php\/plyny-i-koncentraty-do-przemyslu-celulozowo-papierniczego\/","title":{"rendered":"P\u0142yny i koncentraty do przemys\u0142u celulozowo-papierniczego"},"content":{"rendered":"[vc_row type=&#8221;full_width_content&#8221; full_screen_row_position=&#8221;middle&#8221; column_margin=&#8221;default&#8221; equal_height=&#8221;yes&#8221; content_placement=&#8221;middle&#8221; column_direction=&#8221;default&#8221; column_direction_tablet=&#8221;default&#8221; column_direction_phone=&#8221;default&#8221; bg_color=&#8221;#f7f7f7&#8243; scene_position=&#8221;center&#8221; constrain_group_1=&#8221;yes&#8221; top_padding_tablet=&#8221;8%&#8221; bottom_padding_tablet=&#8221;8%&#8221; text_color=&#8221;dark&#8221; text_align=&#8221;left&#8221; row_border_radius=&#8221;none&#8221; row_border_radius_applies=&#8221;bg&#8221; id=&#8221;home&#8221; overlay_strength=&#8221;0.5&#8243; gradient_direction=&#8221;top_to_bottom&#8221; shape_divider_position=&#8221;bottom&#8221; bg_image_animation=&#8221;none&#8221; shape_type=&#8221;straight_section&#8221;][vc_column column_padding=&#8221;no-extra-padding&#8221; column_padding_tablet=&#8221;inherit&#8221; column_padding_phone=&#8221;inherit&#8221; column_padding_position=&#8221;all&#8221; left_margin_tablet=&#8221;auto&#8221; right_margin_tablet=&#8221;auto&#8221; left_margin_phone=&#8221;auto&#8221; right_margin_phone=&#8221;auto&#8221; background_color_opacity=&#8221;1&#8243; background_hover_color_opacity=&#8221;1&#8243; background_image=&#8221;6295&#8243; background_image_position=&#8221;center center&#8221; column_shadow=&#8221;none&#8221; column_border_radius=&#8221;none&#8221; column_link_target=&#8221;_self&#8221; max_width_tablet=&#8221;600&#8243; max_width_phone=&#8221;420px&#8221; gradient_direction=&#8221;left_to_right&#8221; overlay_strength=&#8221;0.5&#8243; width=&#8221;2\/5&#8243; tablet_width_inherit=&#8221;default&#8221; tablet_text_alignment=&#8221;default&#8221; phone_text_alignment=&#8221;default&#8221; column_border_width=&#8221;none&#8221; column_border_style=&#8221;solid&#8221; bg_image_animation=&#8221;ro-reveal-from-left&#8221; offset=&#8221;vc_col-xs-12&#8243;][\/vc_column][vc_column column_padding=&#8221;padding-7-percent&#8221; column_padding_tablet=&#8221;no-extra-padding&#8221; column_padding_phone=&#8221;no-extra-padding&#8221; column_padding_position=&#8221;left-right&#8221; top_margin=&#8221;5%&#8221; bottom_margin=&#8221;5%&#8221; top_margin_tablet=&#8221;40&#8243; left_margin_tablet=&#8221;auto&#8221; right_margin_tablet=&#8221;auto&#8221; left_margin_phone=&#8221;auto&#8221; right_margin_phone=&#8221;auto&#8221; background_color_opacity=&#8221;1&#8243; background_hover_color_opacity=&#8221;1&#8243; column_shadow=&#8221;none&#8221; column_border_radius=&#8221;none&#8221; column_link_target=&#8221;_self&#8221; max_width_desktop=&#8221;1000px&#8221; max_width_tablet=&#8221;600px&#8221; max_width_phone=&#8221;420px&#8221; zindex=&#8221;100&#8243; gradient_direction=&#8221;left_t_to_right_b&#8221; overlay_strength=&#8221;0.3&#8243; width=&#8221;3\/5&#8243; tablet_width_inherit=&#8221;default&#8221; tablet_text_alignment=&#8221;default&#8221; phone_text_alignment=&#8221;default&#8221; column_border_width=&#8221;none&#8221; column_border_style=&#8221;solid&#8221; bg_image_animation=&#8221;none&#8221; offset=&#8221;vc_col-xs-12&#8243;][vc_column_text]Przez 30 lat intensywnej dzia\u0142alno\u015bci w bran\u017cy stali\u015bmy si\u0119 wyspecjalizowanym dostawc\u0105 \u015brodk\u00f3w czysto\u015bci w przemy\u015ble celulozowo-papierniczym. Produkujemy preparaty, kt\u00f3re mo\u017cemy przygotowa\u0107 na specjalne zam\u00f3wienie. Nasze \u015brodki umo\u017cliwiaj\u0105 np.:[\/vc_column_text]<div class=\"nectar-fancy-ul\" data-list-icon=\"icon-ok\" data-animation=\"true\" data-animation-delay=\"200\" data-color=\"accent-color\" data-spacing=\"default\" data-alignment=\"left\"> \n<ul>\n<li>trawienie chemiczne odzie\u017cy dla maszyn papierniczych<\/li>\n<li>oczyszczanie uk\u0142ad\u00f3w mechanicznych stosowanych w\u00a0produkcji papieru<\/li>\n<li>usuwanie szczawian\u00f3w siarczan\u00f3w i w\u0119glan\u00f3w wapnia, osadzaj\u0105cego si\u0119 na\u00a0cz\u0119\u015bciach maszyn w\u00a0trakcie proces\u00f3w produkcyjnych<\/li>\n<li>odt\u0142uszczanie powierzchni wszelkiego rodzaju<\/li>\n<\/ul>\n <\/div>[\/vc_column][\/vc_row][vc_row type=&#8221;full_width_background&#8221; full_screen_row_position=&#8221;middle&#8221; column_margin=&#8221;default&#8221; column_direction=&#8221;default&#8221; column_direction_tablet=&#8221;default&#8221; column_direction_phone=&#8221;default&#8221; bg_color=&#8221;#ffffff&#8221; scene_position=&#8221;center&#8221; top_padding=&#8221;1%&#8221; bottom_padding=&#8221;3%&#8221; text_color=&#8221;dark&#8221; text_align=&#8221;left&#8221; row_border_radius=&#8221;none&#8221; row_border_radius_applies=&#8221;bg&#8221; overlay_strength=&#8221;0.3&#8243; gradient_direction=&#8221;left_to_right&#8221; shape_divider_position=&#8221;bottom&#8221; bg_image_animation=&#8221;none&#8221; shape_type=&#8221;&#8221;][vc_column column_padding=&#8221;no-extra-padding&#8221; column_padding_tablet=&#8221;inherit&#8221; column_padding_phone=&#8221;inherit&#8221; column_padding_position=&#8221;all&#8221; background_color_opacity=&#8221;1&#8243; background_hover_color_opacity=&#8221;1&#8243; column_shadow=&#8221;none&#8221; column_border_radius=&#8221;none&#8221; column_link_target=&#8221;_self&#8221; gradient_direction=&#8221;left_to_right&#8221; overlay_strength=&#8221;0.3&#8243; width=&#8221;1\/1&#8243; tablet_width_inherit=&#8221;default&#8221; tablet_text_alignment=&#8221;default&#8221; phone_text_alignment=&#8221;default&#8221; column_border_width=&#8221;none&#8221; column_border_style=&#8221;solid&#8221; bg_image_animation=&#8221;none&#8221;][divider line_type=&#8221;No Line&#8221; custom_height=&#8221;70&#8243;][vc_column_text]\n<p style=\"text-align: center;\"><strong>Poni\u017cszy schemat\u00a0przedstawia funkcjonalno\u015bci niekt\u00f3rych produkt\u00f3w b\u0119d\u0105cych w\u00a0ofercie firmy.<\/strong><br \/>\n<strong>Produkty oraz us\u0142ugi realizujemy na indywidualne zam\u00f3wienie.<\/strong><\/p>\n[\/vc_column_text][image_with_animation image_url=&#8221;6303&#8243; animation=&#8221;ro-reveal-from-top&#8221; hover_animation=&#8221;none&#8221; alignment=&#8221;center&#8221; img_link_large=&#8221;yes&#8221; border_radius=&#8221;none&#8221; image_loading=&#8221;default&#8221; max_width=&#8221;100%&#8221; max_width_mobile=&#8221;default&#8221; delay=&#8221;500&#8243;][\/vc_column][\/vc_row][vc_row type=&#8221;full_width_background&#8221; full_screen_row_position=&#8221;middle&#8221; column_margin=&#8221;default&#8221; equal_height=&#8221;yes&#8221; content_placement=&#8221;middle&#8221; column_direction=&#8221;default&#8221; column_direction_tablet=&#8221;default&#8221; column_direction_phone=&#8221;default&#8221; bg_color=&#8221;#ffffff&#8221; bg_image=&#8221;6195&#8243; bg_position=&#8221;center center&#8221; bg_repeat=&#8221;no-repeat&#8221; scene_position=&#8221;center&#8221; top_padding=&#8221;80&#8243; bottom_padding=&#8221;80&#8243; text_color=&#8221;light&#8221; text_align=&#8221;left&#8221; row_border_radius=&#8221;none&#8221; row_border_radius_applies=&#8221;bg&#8221; color_overlay=&#8221;#df0a2c&#8221; overlay_strength=&#8221;0.95&#8243; gradient_direction=&#8221;left_to_right&#8221; shape_divider_position=&#8221;bottom&#8221; bg_image_animation=&#8221;none&#8221; shape_type=&#8221;&#8221;][vc_column column_padding=&#8221;no-extra-padding&#8221; column_padding_tablet=&#8221;inherit&#8221; column_padding_phone=&#8221;inherit&#8221; column_padding_position=&#8221;all&#8221; background_color_opacity=&#8221;1&#8243; background_hover_color_opacity=&#8221;1&#8243; column_shadow=&#8221;none&#8221; column_border_radius=&#8221;none&#8221; column_link_target=&#8221;_self&#8221; gradient_direction=&#8221;left_to_right&#8221; overlay_strength=&#8221;0.3&#8243; width=&#8221;1\/2&#8243; tablet_width_inherit=&#8221;default&#8221; tablet_text_alignment=&#8221;center&#8221; phone_text_alignment=&#8221;center&#8221; column_border_width=&#8221;none&#8221; column_border_style=&#8221;solid&#8221; bg_image_animation=&#8221;none&#8221;][nectar_highlighted_text color_type=&#8221;regular&#8221; highlight_color=&#8221;#a80a0a&#8221; style=&#8221;half_text&#8221;]\n<h2>Produkty oraz us\u0142ugi realizujemy na <em>indywidualne zam\u00f3wienie<\/em>.<\/h2>\n[\/nectar_highlighted_text][\/vc_column][vc_column column_padding=&#8221;no-extra-padding&#8221; column_padding_tablet=&#8221;inherit&#8221; column_padding_phone=&#8221;inherit&#8221; column_padding_position=&#8221;all&#8221; background_color_opacity=&#8221;1&#8243; background_hover_color_opacity=&#8221;1&#8243; column_shadow=&#8221;none&#8221; column_border_radius=&#8221;none&#8221; column_link_target=&#8221;_self&#8221; gradient_direction=&#8221;left_to_right&#8221; overlay_strength=&#8221;0.3&#8243; width=&#8221;1\/2&#8243; tablet_width_inherit=&#8221;default&#8221; tablet_text_alignment=&#8221;center&#8221; phone_text_alignment=&#8221;center&#8221; column_border_width=&#8221;none&#8221; column_border_style=&#8221;solid&#8221; bg_image_animation=&#8221;none&#8221;][vc_row_inner column_margin=&#8221;default&#8221; column_direction=&#8221;default&#8221; column_direction_tablet=&#8221;default&#8221; column_direction_phone=&#8221;default&#8221; text_align=&#8221;right&#8221;][vc_column_inner column_padding=&#8221;no-extra-padding&#8221; column_padding_tablet=&#8221;inherit&#8221; column_padding_phone=&#8221;inherit&#8221; column_padding_position=&#8221;all&#8221; background_color_opacity=&#8221;1&#8243; background_hover_color_opacity=&#8221;1&#8243; column_shadow=&#8221;none&#8221; column_border_radius=&#8221;none&#8221; column_link_target=&#8221;_self&#8221; gradient_direction=&#8221;left_to_right&#8221; overlay_strength=&#8221;0.3&#8243; width=&#8221;1\/1&#8243; tablet_width_inherit=&#8221;default&#8221; column_border_width=&#8221;none&#8221; column_border_style=&#8221;solid&#8221; bg_image_animation=&#8221;none&#8221;][nectar_btn size=&#8221;jumbo&#8221; button_style=&#8221;see-through-2&#8243; color_override=&#8221;#ffffff&#8221; hover_color_override=&#8221;#ffffff&#8221; hover_text_color_override=&#8221;#000000&#8243; icon_family=&#8221;default_arrow&#8221; url=&#8221;http:\/\/sulima.pl\/index.php\/kontakt\/&#8221; text=&#8221;Przejd\u017a do kontaktu&#8221;][\/vc_column_inner][\/vc_row_inner][\/vc_column][\/vc_row]\n","protected":false},"excerpt":{"rendered":"<p>[vc_row type=&#8221;full_width_content&#8221; full_screen_row_position=&#8221;middle&#8221; column_margin=&#8221;default&#8221; equal_height=&#8221;yes&#8221; content_placement=&#8221;middle&#8221; column_direction=&#8221;default&#8221; column_direction_tablet=&#8221;default&#8221; column_direction_phone=&#8221;default&#8221; bg_color=&#8221;#f7f7f7&#8243; scene_position=&#8221;center&#8221; constrain_group_1=&#8221;yes&#8221; top_padding_tablet=&#8221;8%&#8221; bottom_padding_tablet=&#8221;8%&#8221; text_color=&#8221;dark&#8221; text_align=&#8221;left&#8221; row_border_radius=&#8221;none&#8221; row_border_radius_applies=&#8221;bg&#8221; id=&#8221;home&#8221; overlay_strength=&#8221;0.5&#8243; gradient_direction=&#8221;top_to_bottom&#8221; shape_divider_position=&#8221;bottom&#8221; bg_image_animation=&#8221;none&#8221; shape_type=&#8221;straight_section&#8221;][vc_column column_padding=&#8221;no-extra-padding&#8221;&#8230;<\/p>\n","protected":false},"author":1,"featured_media":0,"parent":0,"menu_order":0,"comment_status":"closed","ping_status":"closed","template":"","meta":{"footnotes":""},"yoast_head":"<!-- This site is optimized with the Yoast SEO plugin v23.6 - https:\/\/yoast.com\/wordpress\/plugins\/seo\/ -->\n<title>\u015arodki czysto\u015bci do przemys\u0142u celulozowo-papierniczego<\/title>\n<meta name=\"description\" content=\"Odkryj profesjonalne \u015brodki czysto\u015bci dla przemys\u0142u celulozowo-papierniczego. Skuteczne i bezpieczne produkty do utrzymania czysto\u015bci w Twoim zak\u0142adzie. Sprawd\u017a teraz!\" \/>\n<meta name=\"robots\" content=\"index, follow, max-snippet:-1, max-image-preview:large, max-video-preview:-1\" \/>\n<link rel=\"canonical\" href=\"https:\/\/sulima.pl\/index.php\/plyny-i-koncentraty-do-przemyslu-celulozowo-papierniczego\/\" \/>\n<meta property=\"og:locale\" content=\"pl_PL\" \/>\n<meta property=\"og:type\" content=\"article\" \/>\n<meta property=\"og:title\" content=\"\u015arodki czysto\u015bci do przemys\u0142u celulozowo-papierniczego\" \/>\n<meta property=\"og:description\" content=\"Odkryj profesjonalne \u015brodki czysto\u015bci dla przemys\u0142u celulozowo-papierniczego. Skuteczne i bezpieczne produkty do utrzymania czysto\u015bci w Twoim zak\u0142adzie. Sprawd\u017a teraz!\" \/>\n<meta property=\"og:url\" content=\"https:\/\/sulima.pl\/index.php\/plyny-i-koncentraty-do-przemyslu-celulozowo-papierniczego\/\" \/>\n<meta property=\"og:site_name\" content=\"Sulima | Producent chemii dla domu i przemys\u0142u\" \/>\n<meta property=\"article:modified_time\" content=\"2024-10-08T09:55:50+00:00\" \/>\n<meta name=\"twitter:card\" content=\"summary_large_image\" \/>\n<meta name=\"twitter:label1\" content=\"Szacowany czas czytania\" \/>\n\t<meta name=\"twitter:data1\" content=\"2 minuty\" \/>\n<script type=\"application\/ld+json\" class=\"yoast-schema-graph\">{\"@context\":\"https:\/\/schema.org\",\"@graph\":[{\"@type\":\"WebPage\",\"@id\":\"https:\/\/sulima.pl\/index.php\/plyny-i-koncentraty-do-przemyslu-celulozowo-papierniczego\/\",\"url\":\"https:\/\/sulima.pl\/index.php\/plyny-i-koncentraty-do-przemyslu-celulozowo-papierniczego\/\",\"name\":\"\u015arodki czysto\u015bci do przemys\u0142u celulozowo-papierniczego\",\"isPartOf\":{\"@id\":\"https:\/\/ru.sulima.eu\/#website\"},\"datePublished\":\"2021-03-22T15:35:02+00:00\",\"dateModified\":\"2024-10-08T09:55:50+00:00\",\"description\":\"Odkryj profesjonalne \u015brodki czysto\u015bci dla przemys\u0142u celulozowo-papierniczego. Skuteczne i bezpieczne produkty do utrzymania czysto\u015bci w Twoim zak\u0142adzie. Sprawd\u017a teraz!\",\"breadcrumb\":{\"@id\":\"https:\/\/sulima.pl\/index.php\/plyny-i-koncentraty-do-przemyslu-celulozowo-papierniczego\/#breadcrumb\"},\"inLanguage\":\"pl-PL\",\"potentialAction\":[{\"@type\":\"ReadAction\",\"target\":[\"https:\/\/sulima.pl\/index.php\/plyny-i-koncentraty-do-przemyslu-celulozowo-papierniczego\/\"]}]},{\"@type\":\"BreadcrumbList\",\"@id\":\"https:\/\/sulima.pl\/index.php\/plyny-i-koncentraty-do-przemyslu-celulozowo-papierniczego\/#breadcrumb\",\"itemListElement\":[{\"@type\":\"ListItem\",\"position\":1,\"name\":\"Strona g\u0142\u00f3wna\",\"item\":\"https:\/\/sulima.pl\/\"},{\"@type\":\"ListItem\",\"position\":2,\"name\":\"P\u0142yny i koncentraty do przemys\u0142u celulozowo-papierniczego\"}]},{\"@type\":\"WebSite\",\"@id\":\"https:\/\/ru.sulima.eu\/#website\",\"url\":\"https:\/\/ru.sulima.eu\/\",\"name\":\"Sulima | Producent chemii dla domu i przemys\u0142u\",\"description\":\"pasty \u017cele do mycia r\u0105k p\u0142yny koncentraty myj\u0105ce \u015brodki chemiczne\",\"potentialAction\":[{\"@type\":\"SearchAction\",\"target\":{\"@type\":\"EntryPoint\",\"urlTemplate\":\"https:\/\/ru.sulima.eu\/?s={search_term_string}\"},\"query-input\":{\"@type\":\"PropertyValueSpecification\",\"valueRequired\":true,\"valueName\":\"search_term_string\"}}],\"inLanguage\":\"pl-PL\"}]}<\/script>\n<!-- \/ Yoast SEO plugin. -->","yoast_head_json":{"title":"\u015arodki czysto\u015bci do przemys\u0142u celulozowo-papierniczego","description":"Odkryj profesjonalne \u015brodki czysto\u015bci dla przemys\u0142u celulozowo-papierniczego. Skuteczne i bezpieczne produkty do utrzymania czysto\u015bci w Twoim zak\u0142adzie. Sprawd\u017a teraz!","robots":{"index":"index","follow":"follow","max-snippet":"max-snippet:-1","max-image-preview":"max-image-preview:large","max-video-preview":"max-video-preview:-1"},"canonical":"https:\/\/sulima.pl\/index.php\/plyny-i-koncentraty-do-przemyslu-celulozowo-papierniczego\/","og_locale":"pl_PL","og_type":"article","og_title":"\u015arodki czysto\u015bci do przemys\u0142u celulozowo-papierniczego","og_description":"Odkryj profesjonalne \u015brodki czysto\u015bci dla przemys\u0142u celulozowo-papierniczego. Skuteczne i bezpieczne produkty do utrzymania czysto\u015bci w Twoim zak\u0142adzie. Sprawd\u017a teraz!","og_url":"https:\/\/sulima.pl\/index.php\/plyny-i-koncentraty-do-przemyslu-celulozowo-papierniczego\/","og_site_name":"Sulima | Producent chemii dla domu i przemys\u0142u","article_modified_time":"2024-10-08T09:55:50+00:00","twitter_card":"summary_large_image","twitter_misc":{"Szacowany czas czytania":"2 minuty"},"schema":{"@context":"https:\/\/schema.org","@graph":[{"@type":"WebPage","@id":"https:\/\/sulima.pl\/index.php\/plyny-i-koncentraty-do-przemyslu-celulozowo-papierniczego\/","url":"https:\/\/sulima.pl\/index.php\/plyny-i-koncentraty-do-przemyslu-celulozowo-papierniczego\/","name":"\u015arodki czysto\u015bci do przemys\u0142u celulozowo-papierniczego","isPartOf":{"@id":"https:\/\/ru.sulima.eu\/#website"},"datePublished":"2021-03-22T15:35:02+00:00","dateModified":"2024-10-08T09:55:50+00:00","description":"Odkryj profesjonalne \u015brodki czysto\u015bci dla przemys\u0142u celulozowo-papierniczego. Skuteczne i bezpieczne produkty do utrzymania czysto\u015bci w Twoim zak\u0142adzie. Sprawd\u017a teraz!","breadcrumb":{"@id":"https:\/\/sulima.pl\/index.php\/plyny-i-koncentraty-do-przemyslu-celulozowo-papierniczego\/#breadcrumb"},"inLanguage":"pl-PL","potentialAction":[{"@type":"ReadAction","target":["https:\/\/sulima.pl\/index.php\/plyny-i-koncentraty-do-przemyslu-celulozowo-papierniczego\/"]}]},{"@type":"BreadcrumbList","@id":"https:\/\/sulima.pl\/index.php\/plyny-i-koncentraty-do-przemyslu-celulozowo-papierniczego\/#breadcrumb","itemListElement":[{"@type":"ListItem","position":1,"name":"Strona g\u0142\u00f3wna","item":"https:\/\/sulima.pl\/"},{"@type":"ListItem","position":2,"name":"P\u0142yny i koncentraty do przemys\u0142u celulozowo-papierniczego"}]},{"@type":"WebSite","@id":"https:\/\/ru.sulima.eu\/#website","url":"https:\/\/ru.sulima.eu\/","name":"Sulima | Producent chemii dla domu i przemys\u0142u","description":"pasty \u017cele do mycia r\u0105k p\u0142yny koncentraty myj\u0105ce \u015brodki chemiczne","potentialAction":[{"@type":"SearchAction","target":{"@type":"EntryPoint","urlTemplate":"https:\/\/ru.sulima.eu\/?s={search_term_string}"},"query-input":{"@type":"PropertyValueSpecification","valueRequired":true,"valueName":"search_term_string"}}],"inLanguage":"pl-PL"}]}},"_links":{"self":[{"href":"https:\/\/sulima.pl\/index.php\/wp-json\/wp\/v2\/pages\/6294"}],"collection":[{"href":"https:\/\/sulima.pl\/index.php\/wp-json\/wp\/v2\/pages"}],"about":[{"href":"https:\/\/sulima.pl\/index.php\/wp-json\/wp\/v2\/types\/page"}],"author":[{"embeddable":true,"href":"https:\/\/sulima.pl\/index.php\/wp-json\/wp\/v2\/users\/1"}],"replies":[{"embeddable":true,"href":"https:\/\/sulima.pl\/index.php\/wp-json\/wp\/v2\/comments?post=6294"}],"version-history":[{"count":0,"href":"https:\/\/sulima.pl\/index.php\/wp-json\/wp\/v2\/pages\/6294\/revisions"}],"wp:attachment":[{"href":"https:\/\/sulima.pl\/index.php\/wp-json\/wp\/v2\/media?parent=6294"}],"curies":[{"name":"wp","href":"https:\/\/api.w.org\/{rel}","templated":true}]}}