{"id":6063,"date":"2021-01-29T12:44:21","date_gmt":"2021-01-29T11:44:21","guid":{"rendered":"http:\/\/hn4.hekko24.pl\/projekty\/sulima\/?page_id=6063"},"modified":"2025-12-29T12:34:29","modified_gmt":"2025-12-29T11:34:29","slug":"o-nas","status":"publish","type":"page","link":"https:\/\/sulima.pl\/index.php\/o-nas\/","title":{"rendered":"O nas"},"content":{"rendered":"[vc_row type=&#8221;full_width_content&#8221; full_screen_row_position=&#8221;middle&#8221; column_margin=&#8221;default&#8221; equal_height=&#8221;yes&#8221; content_placement=&#8221;middle&#8221; column_direction=&#8221;default&#8221; column_direction_tablet=&#8221;default&#8221; column_direction_phone=&#8221;default&#8221; bg_color=&#8221;#ffffff&#8221; scene_position=&#8221;center&#8221; text_color=&#8221;dark&#8221; text_align=&#8221;left&#8221; row_border_radius=&#8221;none&#8221; row_border_radius_applies=&#8221;bg&#8221; overlay_strength=&#8221;0.3&#8243; gradient_direction=&#8221;left_to_right&#8221; shape_divider_position=&#8221;bottom&#8221; bg_image_animation=&#8221;none&#8221;][vc_column column_padding=&#8221;padding-4-percent&#8221; column_padding_tablet=&#8221;inherit&#8221; column_padding_phone=&#8221;inherit&#8221; column_padding_position=&#8221;all&#8221; background_color=&#8221;#f4f4f4&#8243; background_color_opacity=&#8221;1&#8243; background_hover_color_opacity=&#8221;1&#8243; column_shadow=&#8221;none&#8221; column_border_radius=&#8221;none&#8221; column_link_target=&#8221;_self&#8221; gradient_direction=&#8221;left_to_right&#8221; overlay_strength=&#8221;0.3&#8243; width=&#8221;1\/2&#8243; tablet_width_inherit=&#8221;default&#8221; tablet_text_alignment=&#8221;default&#8221; phone_text_alignment=&#8221;default&#8221; column_border_width=&#8221;none&#8221; column_border_style=&#8221;solid&#8221; bg_image_animation=&#8221;none&#8221;][vc_row_inner column_margin=&#8221;default&#8221; column_direction=&#8221;default&#8221; column_direction_tablet=&#8221;default&#8221; column_direction_phone=&#8221;default&#8221; text_align=&#8221;left&#8221;][vc_column_inner column_padding=&#8221;no-extra-padding&#8221; column_padding_tablet=&#8221;inherit&#8221; column_padding_phone=&#8221;inherit&#8221; column_padding_position=&#8221;all&#8221; background_color_opacity=&#8221;1&#8243; background_hover_color_opacity=&#8221;1&#8243; column_shadow=&#8221;none&#8221; column_border_radius=&#8221;none&#8221; column_link_target=&#8221;_self&#8221; gradient_direction=&#8221;left_to_right&#8221; overlay_strength=&#8221;0.3&#8243; width=&#8221;1\/1&#8243; tablet_width_inherit=&#8221;default&#8221; column_border_width=&#8221;none&#8221; column_border_style=&#8221;solid&#8221; bg_image_animation=&#8221;none&#8221; enable_animation=&#8221;true&#8221; animation=&#8221;fade-in-from-bottom&#8221;][vc_custom_heading text=&#8221;O nas&#8221; font_container=&#8221;tag:h5|text_align:left|color:%23df0a2c&#8221; use_theme_fonts=&#8221;yes&#8221; css=&#8221;.vc_custom_1611919886685{margin-bottom: 10px !important;}&#8221;][vc_custom_heading text=&#8221;Profesjonalna chemia od 1991 roku \u2013 zaufaj naszemu do\u015bwiadczeniu&#8221; font_container=&#8221;tag:h2|font_size:32|text_align:left|line_height:34px&#8221; use_theme_fonts=&#8221;yes&#8221;][divider line_type=&#8221;No Line&#8221; custom_height=&#8221;20&#8243;][vc_custom_heading text=&#8221;Od ponad 30 lat dostarczamy najwy\u017cszej jako\u015bci chemi\u0119 profesjonaln\u0105 do dom\u00f3w i zak\u0142ad\u00f3w. Jako polski firma rodzinna specjalizujemy si\u0119 w tworzeniu \u017celi i past do mycia r\u0105k oraz p\u0142yn\u00f3w i koncentrat\u00f3w myj\u0105cych. Wszystkie nasze preparaty powstaj\u0105 w nowoczesnym laboratorium, gdzie sprawdzamy ich skuteczno\u015b\u0107, bezpiecze\u0144stwo i zgodno\u015b\u0107 z najnowszymi standardami bran\u017cowymi.&#8221; font_container=&#8221;tag:p|text_align:justify|color:rgba(10%2C10%2C10%2C0.6)&#8221; use_theme_fonts=&#8221;yes&#8221;][vc_custom_heading text=&#8221;Profesjonalne \u015brodki do sprz\u0105tania dla wymagaj\u0105cych&#8221; font_container=&#8221;tag:h2|font_size:32|text_align:left|line_height:34px&#8221; use_theme_fonts=&#8221;yes&#8221;][vc_custom_heading text=&#8221;Nasze produkty s\u0105 odpowiedzi\u0105 na potrzeby firm i instytucji, kt\u00f3re szukaj\u0105 skutecznych i niezawodnych rozwi\u0105za\u0144. Oferujemy chemi\u0119 profesjonaln\u0105 do sprz\u0105tania, idealn\u0105 dla szk\u00f3\u0142, zak\u0142ad\u00f3w przemys\u0142owych, magazyn\u00f3w i wielu innych miejsc wymagaj\u0105cych wysokiego standardu czysto\u015bci. Produkty Sulima spe\u0142niaj\u0105 najbardziej rygorystyczne normy, takie jak ISO 9001:2015 oraz GMP kosmetyczne ISO 22716, co gwarantuje ich skuteczno\u015b\u0107 i bezpiecze\u0144stwo u\u017cytkowania.&#8221; font_container=&#8221;tag:p|text_align:justify|color:rgba(10%2C10%2C10%2C0.6)&#8221; use_theme_fonts=&#8221;yes&#8221;][\/vc_column_inner][\/vc_row_inner][\/vc_column][vc_column column_padding=&#8221;no-extra-padding&#8221; column_padding_tablet=&#8221;inherit&#8221; column_padding_phone=&#8221;inherit&#8221; column_padding_position=&#8221;all&#8221; background_color_opacity=&#8221;1&#8243; background_hover_color_opacity=&#8221;1&#8243; background_image=&#8221;6204&#8243; background_image_position=&#8221;center center&#8221; enable_bg_scale=&#8221;true&#8221; column_shadow=&#8221;none&#8221; column_border_radius=&#8221;none&#8221; column_link_target=&#8221;_self&#8221; gradient_direction=&#8221;left_to_right&#8221; overlay_strength=&#8221;0.3&#8243; width=&#8221;1\/2&#8243; tablet_width_inherit=&#8221;default&#8221; tablet_text_alignment=&#8221;default&#8221; phone_text_alignment=&#8221;default&#8221; column_border_width=&#8221;none&#8221; column_border_style=&#8221;solid&#8221; bg_image_animation=&#8221;none&#8221;][\/vc_column][\/vc_row][vc_row type=&#8221;full_width_content&#8221; full_screen_row_position=&#8221;middle&#8221; column_margin=&#8221;default&#8221; equal_height=&#8221;yes&#8221; content_placement=&#8221;middle&#8221; column_direction=&#8221;default&#8221; column_direction_tablet=&#8221;default&#8221; column_direction_phone=&#8221;default&#8221; scene_position=&#8221;center&#8221; text_color=&#8221;dark&#8221; text_align=&#8221;left&#8221; row_border_radius=&#8221;none&#8221; row_border_radius_applies=&#8221;bg&#8221; id=&#8221;wspolpraca&#8221; overlay_strength=&#8221;0.3&#8243; gradient_direction=&#8221;left_to_right&#8221; shape_divider_position=&#8221;bottom&#8221; bg_image_animation=&#8221;none&#8221; shape_type=&#8221;&#8221;][vc_column column_padding=&#8221;no-extra-padding&#8221; column_padding_tablet=&#8221;inherit&#8221; column_padding_phone=&#8221;inherit&#8221; column_padding_position=&#8221;all&#8221; background_color_opacity=&#8221;1&#8243; background_hover_color_opacity=&#8221;1&#8243; background_image=&#8221;6366&#8243; background_image_position=&#8221;right center&#8221; enable_bg_scale=&#8221;true&#8221; column_shadow=&#8221;none&#8221; column_border_radius=&#8221;none&#8221; column_link_target=&#8221;_self&#8221; gradient_direction=&#8221;left_to_right&#8221; overlay_strength=&#8221;0.3&#8243; width=&#8221;1\/2&#8243; tablet_width_inherit=&#8221;default&#8221; tablet_text_alignment=&#8221;default&#8221; phone_text_alignment=&#8221;default&#8221; column_border_width=&#8221;none&#8221; column_border_style=&#8221;solid&#8221; bg_image_animation=&#8221;none&#8221; offset=&#8221;vc_hidden-sm vc_hidden-xs&#8221;][\/vc_column][vc_column column_padding=&#8221;padding-4-percent&#8221; column_padding_tablet=&#8221;inherit&#8221; column_padding_phone=&#8221;inherit&#8221; column_padding_position=&#8221;all&#8221; background_color=&#8221;#ffffff&#8221; background_color_opacity=&#8221;1&#8243; background_hover_color_opacity=&#8221;1&#8243; column_shadow=&#8221;none&#8221; column_border_radius=&#8221;none&#8221; column_link_target=&#8221;_self&#8221; gradient_direction=&#8221;left_to_right&#8221; overlay_strength=&#8221;0.3&#8243; width=&#8221;1\/2&#8243; tablet_width_inherit=&#8221;default&#8221; tablet_text_alignment=&#8221;default&#8221; phone_text_alignment=&#8221;default&#8221; column_border_width=&#8221;none&#8221; column_border_style=&#8221;solid&#8221; bg_image_animation=&#8221;none&#8221;][vc_row_inner column_margin=&#8221;default&#8221; column_direction=&#8221;default&#8221; column_direction_tablet=&#8221;default&#8221; column_direction_phone=&#8221;default&#8221; text_align=&#8221;left&#8221;][vc_column_inner column_padding=&#8221;no-extra-padding&#8221; column_padding_tablet=&#8221;inherit&#8221; column_padding_phone=&#8221;inherit&#8221; column_padding_position=&#8221;all&#8221; background_color_opacity=&#8221;1&#8243; background_hover_color_opacity=&#8221;1&#8243; column_shadow=&#8221;none&#8221; column_border_radius=&#8221;none&#8221; column_link_target=&#8221;_self&#8221; gradient_direction=&#8221;left_to_right&#8221; overlay_strength=&#8221;0.3&#8243; width=&#8221;1\/1&#8243; tablet_width_inherit=&#8221;default&#8221; column_border_width=&#8221;none&#8221; column_border_style=&#8221;solid&#8221; bg_image_animation=&#8221;none&#8221; enable_animation=&#8221;true&#8221; animation=&#8221;fade-in-from-bottom&#8221;][vc_custom_heading text=&#8221;Wsp\u00f3\u0142praca&#8221; font_container=&#8221;tag:p|font_size:32|text_align:left|line_height:34px&#8221; use_theme_fonts=&#8221;yes&#8221;][divider line_type=&#8221;No Line&#8221; custom_height=&#8221;32&#8243;][vc_custom_heading text=&#8221;Biznesowa&#8221; font_container=&#8221;tag:p|font_size:20|text_align:left|color:%23df0a2c|line_height:34px&#8221; use_theme_fonts=&#8221;yes&#8221;][vc_custom_heading text=&#8221;Jako producent profesjonalnej chemii przemys\u0142owej dbamy nie tylko o jako\u015b\u0107 naszych produkt\u00f3w, ale o jako\u015bciowe relacje biznesowe. Jeste\u015bmy otwarci na nawi\u0105zanie wsp\u00f3\u0142pracy z nowymi partnerami biznesowymi, z kt\u00f3rymi mogliby\u015bmy wsp\u00f3lnie si\u0119 rozwija\u0107. Zapraszamy do kontaktu firmy zainteresowane dystrybucj\u0105 naszych produkt\u00f3w i szeroko rozumian\u0105 wsp\u00f3\u0142prac\u0105.&#8221; font_container=&#8221;tag:p|text_align:justify|color:rgba(10%2C10%2C10%2C0.6)&#8221; use_theme_fonts=&#8221;yes&#8221;][nectar_btn size=&#8221;medium&#8221; button_style=&#8221;regular&#8221; button_color_2=&#8221;Accent-Color&#8221; icon_family=&#8221;none&#8221; url=&#8221;http:\/\/sulima.pl\/index.php\/nasi-dystrybutorzy\/&#8221; text=&#8221;Zobacz list\u0119 dystrybutor\u00f3w&#8221; margin_top=&#8221;30&#8243;][\/vc_column_inner][\/vc_row_inner][\/vc_column][\/vc_row][vc_row type=&#8221;full_width_content&#8221; full_screen_row_position=&#8221;middle&#8221; column_margin=&#8221;default&#8221; equal_height=&#8221;yes&#8221; content_placement=&#8221;middle&#8221; column_direction=&#8221;default&#8221; column_direction_tablet=&#8221;default&#8221; column_direction_phone=&#8221;default&#8221; bg_color=&#8221;#ffffff&#8221; scene_position=&#8221;center&#8221; text_color=&#8221;dark&#8221; text_align=&#8221;left&#8221; row_border_radius=&#8221;none&#8221; row_border_radius_applies=&#8221;bg&#8221; overlay_strength=&#8221;0.3&#8243; gradient_direction=&#8221;left_to_right&#8221; shape_divider_position=&#8221;bottom&#8221; bg_image_animation=&#8221;none&#8221;][vc_column column_padding=&#8221;padding-4-percent&#8221; column_padding_tablet=&#8221;inherit&#8221; column_padding_phone=&#8221;inherit&#8221; column_padding_position=&#8221;all&#8221; background_color=&#8221;#f4f4f4&#8243; background_color_opacity=&#8221;1&#8243; background_hover_color_opacity=&#8221;1&#8243; column_shadow=&#8221;none&#8221; column_border_radius=&#8221;none&#8221; column_link_target=&#8221;_self&#8221; gradient_direction=&#8221;left_to_right&#8221; overlay_strength=&#8221;0.3&#8243; width=&#8221;1\/2&#8243; tablet_width_inherit=&#8221;default&#8221; tablet_text_alignment=&#8221;default&#8221; phone_text_alignment=&#8221;default&#8221; column_border_width=&#8221;none&#8221; column_border_style=&#8221;solid&#8221; bg_image_animation=&#8221;none&#8221;][vc_row_inner column_margin=&#8221;default&#8221; column_direction=&#8221;default&#8221; column_direction_tablet=&#8221;default&#8221; column_direction_phone=&#8221;default&#8221; text_align=&#8221;left&#8221;][vc_column_inner column_padding=&#8221;no-extra-padding&#8221; column_padding_tablet=&#8221;inherit&#8221; column_padding_phone=&#8221;inherit&#8221; column_padding_position=&#8221;all&#8221; background_color_opacity=&#8221;1&#8243; background_hover_color_opacity=&#8221;1&#8243; column_shadow=&#8221;none&#8221; column_border_radius=&#8221;none&#8221; column_link_target=&#8221;_self&#8221; gradient_direction=&#8221;left_to_right&#8221; overlay_strength=&#8221;0.3&#8243; width=&#8221;1\/1&#8243; tablet_width_inherit=&#8221;default&#8221; column_border_width=&#8221;none&#8221; column_border_style=&#8221;solid&#8221; bg_image_animation=&#8221;none&#8221; enable_animation=&#8221;true&#8221; animation=&#8221;fade-in-from-bottom&#8221;][vc_custom_heading text=&#8221;Chemia profesjonalna \u2013 sklep i wsp\u00f3\u0142praca biznesowa&#8221; font_container=&#8221;tag:h3|font_size:32|text_align:left|line_height:34px&#8221; use_theme_fonts=&#8221;yes&#8221;][divider line_type=&#8221;No Line&#8221; custom_height=&#8221;20&#8243;][vc_custom_heading text=&#8221;Zapraszamy do wsp\u00f3\u0142pracy firmy zainteresowane dystrybucj\u0105 naszych produkt\u00f3w oraz szeroko poj\u0119t\u0105 wsp\u00f3\u0142prac\u0105 biznesow\u0105. Jako producent profesjonalnych \u015brodk\u00f3w do sprz\u0105tania, stawiamy na jako\u015b\u0107 nie tylko w naszych produktach, ale r\u00f3wnie\u017c w relacjach z partnerami. Nasze preparaty doskonale sprawdz\u0105 si\u0119 jako chemia dla szk\u00f3\u0142, zak\u0142ad\u00f3w i magazyn\u00f3w. Skontaktuj si\u0119 z nami i odkryj, jak mo\u017cemy wsp\u00f3lnie rozwija\u0107 Twoj\u0105 dzia\u0142alno\u015b\u0107.&#8221; font_container=&#8221;tag:p|text_align:justify|color:rgba(10%2C10%2C10%2C0.6)&#8221; use_theme_fonts=&#8221;yes&#8221;][vc_custom_heading text=&#8221;Zaufaj polskiej jako\u015bci i do\u015bwiadczeniu&#8221; font_container=&#8221;tag:h4|font_size:32|text_align:left|line_height:34px&#8221; use_theme_fonts=&#8221;yes&#8221;][vc_custom_heading text=&#8221;Nasze produkty to nie tylko skuteczno\u015b\u0107, ale r\u00f3wnie\u017c dba\u0142o\u015b\u0107 o \u015brodowisko i bezpiecze\u0144stwo u\u017cytkownik\u00f3w. Rozbudowana oferta sprawia, \u017ce ka\u017cdy znajdzie u nas produkty potrzebne do utrzymania czysto\u015bci na najwy\u017cszym poziomie. Sprawd\u017a ofert\u0119 naszej firmy i przekonaj si\u0119, dlaczego nasza profesjonalna chemia do sprz\u0105tania to najlepszy wyb\u00f3r.&#8221; font_container=&#8221;tag:p|text_align:justify|color:rgba(10%2C10%2C10%2C0.6)&#8221; use_theme_fonts=&#8221;yes&#8221;][\/vc_column_inner][\/vc_row_inner][\/vc_column][vc_column column_padding=&#8221;no-extra-padding&#8221; column_padding_tablet=&#8221;inherit&#8221; column_padding_phone=&#8221;inherit&#8221; column_padding_position=&#8221;all&#8221; background_color_opacity=&#8221;1&#8243; background_hover_color_opacity=&#8221;1&#8243; background_image=&#8221;9950&#8243; background_image_position=&#8221;center center&#8221; enable_bg_scale=&#8221;true&#8221; column_shadow=&#8221;none&#8221; column_border_radius=&#8221;none&#8221; column_link_target=&#8221;_self&#8221; gradient_direction=&#8221;left_to_right&#8221; overlay_strength=&#8221;0.3&#8243; width=&#8221;1\/2&#8243; tablet_width_inherit=&#8221;default&#8221; tablet_text_alignment=&#8221;default&#8221; phone_text_alignment=&#8221;default&#8221; column_border_width=&#8221;none&#8221; column_border_style=&#8221;solid&#8221; bg_image_animation=&#8221;none&#8221;][\/vc_column][\/vc_row]\n","protected":false},"excerpt":{"rendered":"<p>[vc_row type=&#8221;full_width_content&#8221; full_screen_row_position=&#8221;middle&#8221; column_margin=&#8221;default&#8221; equal_height=&#8221;yes&#8221; content_placement=&#8221;middle&#8221; column_direction=&#8221;default&#8221; column_direction_tablet=&#8221;default&#8221; column_direction_phone=&#8221;default&#8221; bg_color=&#8221;#ffffff&#8221; scene_position=&#8221;center&#8221; text_color=&#8221;dark&#8221; text_align=&#8221;left&#8221; row_border_radius=&#8221;none&#8221; row_border_radius_applies=&#8221;bg&#8221; overlay_strength=&#8221;0.3&#8243; gradient_direction=&#8221;left_to_right&#8221; shape_divider_position=&#8221;bottom&#8221; bg_image_animation=&#8221;none&#8221;][vc_column column_padding=&#8221;padding-4-percent&#8221; column_padding_tablet=&#8221;inherit&#8221; column_padding_phone=&#8221;inherit&#8221; column_padding_position=&#8221;all&#8221; background_color=&#8221;#f4f4f4&#8243; background_color_opacity=&#8221;1&#8243;&#8230;<\/p>\n","protected":false},"author":1,"featured_media":0,"parent":0,"menu_order":0,"comment_status":"closed","ping_status":"closed","template":"","meta":{"footnotes":""},"yoast_head":"<!-- This site is optimized with the Yoast SEO plugin v23.6 - https:\/\/yoast.com\/wordpress\/plugins\/seo\/ -->\n<title>Profesjonalna chemia do sprz\u0105tania, \u015brodki myj\u0105ce | producent i dostawca<\/title>\n<meta name=\"description\" content=\"Jeste\u015bmy polsk\u0105 firm\u0105 specjalizuj\u0105c\u0105 si\u0119 w produkcji \u017celi i past do mycia r\u0105k oraz p\u0142yn\u00f3w i koncentrat\u00f3w myj\u0105cych.\" \/>\n<meta name=\"robots\" content=\"index, follow, max-snippet:-1, max-image-preview:large, max-video-preview:-1\" \/>\n<link rel=\"canonical\" href=\"https:\/\/sulima.pl\/index.php\/o-nas\/\" \/>\n<meta property=\"og:locale\" content=\"pl_PL\" \/>\n<meta property=\"og:type\" content=\"article\" \/>\n<meta property=\"og:title\" content=\"Profesjonalna chemia do sprz\u0105tania, \u015brodki myj\u0105ce | producent i dostawca\" \/>\n<meta property=\"og:description\" content=\"Jeste\u015bmy polsk\u0105 firm\u0105 specjalizuj\u0105c\u0105 si\u0119 w produkcji \u017celi i past do mycia r\u0105k oraz p\u0142yn\u00f3w i koncentrat\u00f3w myj\u0105cych.\" \/>\n<meta property=\"og:url\" content=\"https:\/\/sulima.pl\/index.php\/o-nas\/\" \/>\n<meta property=\"og:site_name\" content=\"Sulima | Producent chemii dla domu i przemys\u0142u\" \/>\n<meta property=\"article:modified_time\" content=\"2025-12-29T11:34:29+00:00\" \/>\n<meta name=\"twitter:card\" content=\"summary_large_image\" \/>\n<meta name=\"twitter:label1\" content=\"Szacowany czas czytania\" \/>\n\t<meta name=\"twitter:data1\" content=\"4 minuty\" \/>\n<script type=\"application\/ld+json\" class=\"yoast-schema-graph\">{\"@context\":\"https:\/\/schema.org\",\"@graph\":[{\"@type\":\"WebPage\",\"@id\":\"https:\/\/sulima.pl\/index.php\/o-nas\/\",\"url\":\"https:\/\/sulima.pl\/index.php\/o-nas\/\",\"name\":\"Profesjonalna chemia do sprz\u0105tania, \u015brodki myj\u0105ce | producent i dostawca\",\"isPartOf\":{\"@id\":\"https:\/\/sulima.pl\/#website\"},\"datePublished\":\"2021-01-29T11:44:21+00:00\",\"dateModified\":\"2025-12-29T11:34:29+00:00\",\"description\":\"Jeste\u015bmy polsk\u0105 firm\u0105 specjalizuj\u0105c\u0105 si\u0119 w produkcji \u017celi i past do mycia r\u0105k oraz p\u0142yn\u00f3w i koncentrat\u00f3w myj\u0105cych.\",\"breadcrumb\":{\"@id\":\"https:\/\/sulima.pl\/index.php\/o-nas\/#breadcrumb\"},\"inLanguage\":\"pl-PL\",\"potentialAction\":[{\"@type\":\"ReadAction\",\"target\":[\"https:\/\/sulima.pl\/index.php\/o-nas\/\"]}]},{\"@type\":\"BreadcrumbList\",\"@id\":\"https:\/\/sulima.pl\/index.php\/o-nas\/#breadcrumb\",\"itemListElement\":[{\"@type\":\"ListItem\",\"position\":1,\"name\":\"Strona g\u0142\u00f3wna\",\"item\":\"https:\/\/sulima.pl\/\"},{\"@type\":\"ListItem\",\"position\":2,\"name\":\"O nas\"}]},{\"@type\":\"WebSite\",\"@id\":\"https:\/\/sulima.pl\/#website\",\"url\":\"https:\/\/sulima.pl\/\",\"name\":\"Sulima | Producent chemii dla domu i przemys\u0142u\",\"description\":\"pasty \u017cele do mycia r\u0105k p\u0142yny koncentraty myj\u0105ce \u015brodki chemiczne\",\"potentialAction\":[{\"@type\":\"SearchAction\",\"target\":{\"@type\":\"EntryPoint\",\"urlTemplate\":\"https:\/\/sulima.pl\/?s={search_term_string}\"},\"query-input\":{\"@type\":\"PropertyValueSpecification\",\"valueRequired\":true,\"valueName\":\"search_term_string\"}}],\"inLanguage\":\"pl-PL\"}]}<\/script>\n<!-- \/ Yoast SEO plugin. -->","yoast_head_json":{"title":"Profesjonalna chemia do sprz\u0105tania, \u015brodki myj\u0105ce | producent i dostawca","description":"Jeste\u015bmy polsk\u0105 firm\u0105 specjalizuj\u0105c\u0105 si\u0119 w produkcji \u017celi i past do mycia r\u0105k oraz p\u0142yn\u00f3w i koncentrat\u00f3w myj\u0105cych.","robots":{"index":"index","follow":"follow","max-snippet":"max-snippet:-1","max-image-preview":"max-image-preview:large","max-video-preview":"max-video-preview:-1"},"canonical":"https:\/\/sulima.pl\/index.php\/o-nas\/","og_locale":"pl_PL","og_type":"article","og_title":"Profesjonalna chemia do sprz\u0105tania, \u015brodki myj\u0105ce | producent i dostawca","og_description":"Jeste\u015bmy polsk\u0105 firm\u0105 specjalizuj\u0105c\u0105 si\u0119 w produkcji \u017celi i past do mycia r\u0105k oraz p\u0142yn\u00f3w i koncentrat\u00f3w myj\u0105cych.","og_url":"https:\/\/sulima.pl\/index.php\/o-nas\/","og_site_name":"Sulima | Producent chemii dla domu i przemys\u0142u","article_modified_time":"2025-12-29T11:34:29+00:00","twitter_card":"summary_large_image","twitter_misc":{"Szacowany czas czytania":"4 minuty"},"schema":{"@context":"https:\/\/schema.org","@graph":[{"@type":"WebPage","@id":"https:\/\/sulima.pl\/index.php\/o-nas\/","url":"https:\/\/sulima.pl\/index.php\/o-nas\/","name":"Profesjonalna chemia do sprz\u0105tania, \u015brodki myj\u0105ce | producent i dostawca","isPartOf":{"@id":"https:\/\/sulima.pl\/#website"},"datePublished":"2021-01-29T11:44:21+00:00","dateModified":"2025-12-29T11:34:29+00:00","description":"Jeste\u015bmy polsk\u0105 firm\u0105 specjalizuj\u0105c\u0105 si\u0119 w produkcji \u017celi i past do mycia r\u0105k oraz p\u0142yn\u00f3w i koncentrat\u00f3w myj\u0105cych.","breadcrumb":{"@id":"https:\/\/sulima.pl\/index.php\/o-nas\/#breadcrumb"},"inLanguage":"pl-PL","potentialAction":[{"@type":"ReadAction","target":["https:\/\/sulima.pl\/index.php\/o-nas\/"]}]},{"@type":"BreadcrumbList","@id":"https:\/\/sulima.pl\/index.php\/o-nas\/#breadcrumb","itemListElement":[{"@type":"ListItem","position":1,"name":"Strona g\u0142\u00f3wna","item":"https:\/\/sulima.pl\/"},{"@type":"ListItem","position":2,"name":"O nas"}]},{"@type":"WebSite","@id":"https:\/\/sulima.pl\/#website","url":"https:\/\/sulima.pl\/","name":"Sulima | Producent chemii dla domu i przemys\u0142u","description":"pasty \u017cele do mycia r\u0105k p\u0142yny koncentraty myj\u0105ce \u015brodki chemiczne","potentialAction":[{"@type":"SearchAction","target":{"@type":"EntryPoint","urlTemplate":"https:\/\/sulima.pl\/?s={search_term_string}"},"query-input":{"@type":"PropertyValueSpecification","valueRequired":true,"valueName":"search_term_string"}}],"inLanguage":"pl-PL"}]}},"_links":{"self":[{"href":"https:\/\/sulima.pl\/index.php\/wp-json\/wp\/v2\/pages\/6063"}],"collection":[{"href":"https:\/\/sulima.pl\/index.php\/wp-json\/wp\/v2\/pages"}],"about":[{"href":"https:\/\/sulima.pl\/index.php\/wp-json\/wp\/v2\/types\/page"}],"author":[{"embeddable":true,"href":"https:\/\/sulima.pl\/index.php\/wp-json\/wp\/v2\/users\/1"}],"replies":[{"embeddable":true,"href":"https:\/\/sulima.pl\/index.php\/wp-json\/wp\/v2\/comments?post=6063"}],"version-history":[{"count":7,"href":"https:\/\/sulima.pl\/index.php\/wp-json\/wp\/v2\/pages\/6063\/revisions"}],"predecessor-version":[{"id":11329,"href":"https:\/\/sulima.pl\/index.php\/wp-json\/wp\/v2\/pages\/6063\/revisions\/11329"}],"wp:attachment":[{"href":"https:\/\/sulima.pl\/index.php\/wp-json\/wp\/v2\/media?parent=6063"}],"curies":[{"name":"wp","href":"https:\/\/api.w.org\/{rel}","templated":true}]}}