{"id":5871,"date":"2021-01-08T14:17:17","date_gmt":"2021-01-08T13:17:17","guid":{"rendered":"http:\/\/hn4.hekko24.pl\/projekty\/sulima\/?page_id=5871"},"modified":"2024-04-29T10:35:29","modified_gmt":"2024-04-29T08:35:29","slug":"polityka-ochrony-danych-osobowych","status":"publish","type":"page","link":"https:\/\/sulima.pl\/index.php\/polityka-ochrony-danych-osobowych\/","title":{"rendered":"Polityka ochrony danych osobowych"},"content":{"rendered":"[vc_row type=&#8221;full_width_background&#8221; full_screen_row_position=&#8221;middle&#8221; column_margin=&#8221;default&#8221; column_direction=&#8221;default&#8221; column_direction_tablet=&#8221;default&#8221; column_direction_phone=&#8221;default&#8221; bg_color=&#8221;#df0a2c&#8221; scene_position=&#8221;center&#8221; top_padding=&#8221;3%&#8221; bottom_padding=&#8221;2%&#8221; text_color=&#8221;dark&#8221; text_align=&#8221;left&#8221; row_border_radius=&#8221;none&#8221; row_border_radius_applies=&#8221;bg&#8221; overlay_strength=&#8221;0.3&#8243; gradient_direction=&#8221;left_to_right&#8221; shape_divider_position=&#8221;bottom&#8221; bg_image_animation=&#8221;none&#8221; shape_type=&#8221;&#8221;][vc_column column_padding=&#8221;no-extra-padding&#8221; column_padding_tablet=&#8221;inherit&#8221; column_padding_phone=&#8221;inherit&#8221; column_padding_position=&#8221;all&#8221; background_color_opacity=&#8221;1&#8243; background_hover_color_opacity=&#8221;1&#8243; column_shadow=&#8221;none&#8221; column_border_radius=&#8221;none&#8221; column_link_target=&#8221;_self&#8221; gradient_direction=&#8221;left_to_right&#8221; overlay_strength=&#8221;0.3&#8243; width=&#8221;1\/1&#8243; tablet_width_inherit=&#8221;default&#8221; tablet_text_alignment=&#8221;default&#8221; phone_text_alignment=&#8221;default&#8221; column_border_width=&#8221;none&#8221; column_border_style=&#8221;solid&#8221; bg_image_animation=&#8221;none&#8221;][vc_custom_heading text=&#8221;Polityka ochrony danych osobowych&#8221; font_container=&#8221;tag:h3|text_align:center|color:%23ffffff&#8221; use_theme_fonts=&#8221;yes&#8221;][\/vc_column][\/vc_row][vc_row type=&#8221;in_container&#8221; full_screen_row_position=&#8221;middle&#8221; column_margin=&#8221;default&#8221; column_direction=&#8221;default&#8221; column_direction_tablet=&#8221;default&#8221; column_direction_phone=&#8221;default&#8221; scene_position=&#8221;center&#8221; top_padding=&#8221;3%&#8221; bottom_padding=&#8221;3%&#8221; text_color=&#8221;dark&#8221; text_align=&#8221;left&#8221; row_border_radius=&#8221;none&#8221; row_border_radius_applies=&#8221;bg&#8221; overlay_strength=&#8221;0.3&#8243; gradient_direction=&#8221;left_to_right&#8221; shape_divider_position=&#8221;bottom&#8221; bg_image_animation=&#8221;none&#8221; shape_type=&#8221;&#8221;][vc_column column_padding=&#8221;no-extra-padding&#8221; column_padding_tablet=&#8221;inherit&#8221; column_padding_phone=&#8221;inherit&#8221; column_padding_position=&#8221;all&#8221; background_color_opacity=&#8221;1&#8243; background_hover_color_opacity=&#8221;1&#8243; column_shadow=&#8221;none&#8221; column_border_radius=&#8221;none&#8221; column_link_target=&#8221;_self&#8221; gradient_direction=&#8221;left_to_right&#8221; overlay_strength=&#8221;0.3&#8243; width=&#8221;1\/1&#8243; tablet_width_inherit=&#8221;default&#8221; tablet_text_alignment=&#8221;default&#8221; phone_text_alignment=&#8221;default&#8221; column_border_width=&#8221;none&#8221; column_border_style=&#8221;solid&#8221; bg_image_animation=&#8221;none&#8221;][vc_column_text]<strong>Firma Sulima Sp. z o. o. Sulima Sp. z o.o. ul. Esperanto 14a\/26 01-049 Warszawa NIP 527-23-11-716, REGON 016319321, KRS 0000098842 S\u0105d Rejonowy dla M. St. Warszawy w Warszawie XII Wydzia\u0142 Gospodarczy Krajowego Rejestru S\u0105dowego Kapita\u0142 Zak\u0142adowy: 165 000 z\u0142 (dalej: \u201eSulima Sp. z o. o.\u201d lub \u201eAdministrator\u201d) przetwarza dane osobowe w rozumieniu Rozporz\u0105dzenia Parlamentu Europejskiego i Rady Unii Europejskiej 2016\/679 z dnia 27 kwietnia 2016 r. w sprawie ochrony os\u00f3b fizycznych w zwi\u0105zku z przetwarzaniem danych osobowych i w sprawie swobodnego przep\u0142ywu takich danych oraz uchylenia dyrektywy 95\/46\/WE (dalej: \u201eRODO\u201d).<\/strong><\/p>\n<p>&nbsp;<\/p>\n<h3 style=\"text-align: center;\">\u00a71. Informacje og\u00f3lne.<\/h3>\n<p>1. Administratorem danych osobowych jest firma Sulima Sp. z o. o., 01-049 Warszawa, ul. Esperanto 14A\/26<\/p>\n<p>2. Z Administratorem mo\u017cna si\u0119 kontaktowa\u0107:<\/p>\n<p>&#8211; pisemnie, na adres: Sulima Sp. z o. o. Kaliska 143, 87-840 Lubie\u0144 Kujawski<br \/>\n&#8211; za pomoc\u0105 poczty elektronicznej, na adres: sulima@sulima.pl lub sklep@sulima.pl<br \/>\n&#8211; telefonicznie pod numerem telefonu +48 24 355 87 50<\/p>\n<p>3. Administrator nie wyznaczy\u0142 Inspektora Ochrony Danych.<\/p>\n<p>4. Administrator informuje, \u017ce nie ma ustawowego obowi\u0105zku podania danych osobowych, jednak\u017ce obowi\u0105zek ten mo\u017ce wynika\u0107 z przepis\u00f3w szczeg\u00f3lnych. Konsekwencj\u0105 niepodania danych osobowych mo\u017ce by\u0107 brak mo\u017cliwo\u015bci \u015bwiadczenia us\u0142ug, w szczeg\u00f3lno\u015bci brak mo\u017cliwo\u015bci zawarcia umowy sprzeda\u017cy towar\u00f3w w sklepie internetowym.<\/p>\n<h3 style=\"text-align: center;\">\u00a72. Informacje szczeg\u00f3\u0142owe.<\/h3>\n<p>1. Dane osobowe s\u0105 przetwarzane w celu \u015bwiadczenia us\u0142ugi drog\u0105 elektroniczn\u0105, w szczeg\u00f3lno\u015bci utrzymania konta klienta w sklepie, a tak\u017ce zawierania i wykonywania um\u00f3w sprzeda\u017cy, w tym uiszczania zap\u0142aty za kupione towary i udzielania rabat\u00f3w, dostawy towar\u00f3w, przesy\u0142ania powiadomie\u0144 o realizacji zam\u00f3wie\u0144, realizacji procesu reklamacji oraz zapewnienia prawid\u0142owej obs\u0142ugi klienta, dopasowania oferty reklamowej do potrzeb klient\u00f3w, prezentacji reklam i przesy\u0142ania informacji handlowych, obs\u0142ugi zg\u0142osze\u0144 i reklamacji, wyra\u017cenia publicznej opinii o zakupionych towarach, umo\u017cliwienia kontaktu pomi\u0119dzy kupuj\u0105cymi a sprzedaj\u0105cym,<\/p>\n<p>2. Podstaw\u0105 prawn\u0105 przetwarzania danych osobowych mo\u017ce by\u0107 akceptacja regulaminu sklepu internetowego www.sklep.sulima.pl, konieczno\u015b\u0107 podj\u0119cia dzia\u0142a\u0144 na \u017c\u0105danie osoby (art. 6 ust. 1 lit. b RODO) lub te\u017c cele zwi\u0105zane z prawnie uzasadnionym interesem realizowanym przez administratora lub przez stron\u0119 trzeci\u0105 (art. 6 ust. 1 lit. F RODO). Prawnie uzasadnionym interesem administratora jest konieczno\u015b\u0107 oferowania klientom mo\u017cliwie najlepszej jako\u015bci obs\u0142ugi, dopasowania oferty towar\u00f3w do potrzeb i oczekiwa\u0144 kupuj\u0105cych, a tak\u017ce prowadzenie dzia\u0142a\u0144 marketingowych, promocyjnych i reklamowych.<\/p>\n<p>3. Odbiorcami danych osobowych mog\u0105 by\u0107 podmioty wsp\u00f3\u0142pracuj\u0105ce z Administratorem, w szczeg\u00f3lno\u015bci przedsi\u0119biorstwa \u015bwiadcz\u0105ce us\u0142ugi w zakresie dostawy towar\u00f3w (kurierzy), obs\u0142uguj\u0105ce procesy niezb\u0119dne do przesy\u0142ania powiadomie\u0144 o realizacji zam\u00f3wie\u0144, us\u0142ugodawcy \u015bwiadcz\u0105cy us\u0142ugi reklamowe i marketingowe, a tak\u017ce w zakresie rozlicze\u0144 nale\u017cno\u015bci.<\/p>\n<p>4. Dane osobowe b\u0119d\u0105 przetwarzane przez Administratora przez okres niezb\u0119dny do \u015bwiadczenia us\u0142ug lub w innych celach wskazanych w pkt 2 ust. 1.<\/p>\n<h3 style=\"text-align: center;\">\u00a73. Wgl\u0105d\/ zmiana\/ usuni\u0119cie danych osobowych<\/h3>\n<p>1. W\u0142a\u015bciciel danych osobowych w ka\u017cdym momencie ma prawo do \u017c\u0105dania od Administratora:<\/p>\n<p>&#8211; dost\u0119pu do swoich danych osobowych,<br \/>\n&#8211; sprostowania swoich danych osobowych,<br \/>\n&#8211; usuni\u0119cia lub ograniczenia przetwarzania swoich danych osobowych,<br \/>\n&#8211; cofni\u0119cia zgody na przetwarzanie.<\/p>\n<p>2. W zakresie, w jakim udzielono zgody na przetwarzanie danych osobowych, przys\u0142uguje prawo do jej cofni\u0119cia. Cofni\u0119cie zgody nie ma wp\u0142ywu na zgodno\u015b\u0107 z prawem przetwarzania danych, kt\u00f3rego dokonano na podstawie zgody przed jej wycofaniem.<\/p>\n<p>3. W celu skorzystania z powy\u017cszych praw, niezb\u0119dny jest kontakt z Administratorem.<\/p>\n<h3 style=\"text-align: center;\">\u00a74. Prawo do wniesienia skargi do organu nadzorczego<\/h3>\n<p>1. W przypadku uznania, i\u017c przetwarzanie danych osobowych narusza przepisy RODO, przys\u0142uguje prawo do wniesienia skargi do w\u0142a\u015bciwego organu nadzorczego, kt\u00f3rym jest Prezes Urz\u0119du Ochrony Danych Osobowych.[\/vc_column_text][\/vc_column][\/vc_row]\n","protected":false},"excerpt":{"rendered":"<p>[vc_row type=&#8221;full_width_background&#8221; full_screen_row_position=&#8221;middle&#8221; column_margin=&#8221;default&#8221; column_direction=&#8221;default&#8221; column_direction_tablet=&#8221;default&#8221; column_direction_phone=&#8221;default&#8221; bg_color=&#8221;#df0a2c&#8221; scene_position=&#8221;center&#8221; top_padding=&#8221;3%&#8221; bottom_padding=&#8221;2%&#8221; text_color=&#8221;dark&#8221; text_align=&#8221;left&#8221; row_border_radius=&#8221;none&#8221; row_border_radius_applies=&#8221;bg&#8221; overlay_strength=&#8221;0.3&#8243; gradient_direction=&#8221;left_to_right&#8221; shape_divider_position=&#8221;bottom&#8221; bg_image_animation=&#8221;none&#8221; shape_type=&#8221;&#8221;][vc_column column_padding=&#8221;no-extra-padding&#8221; column_padding_tablet=&#8221;inherit&#8221; column_padding_phone=&#8221;inherit&#8221; column_padding_position=&#8221;all&#8221; background_color_opacity=&#8221;1&#8243;&#8230;<\/p>\n","protected":false},"author":1,"featured_media":0,"parent":0,"menu_order":0,"comment_status":"closed","ping_status":"closed","template":"","meta":{"footnotes":""},"yoast_head":"<!-- This site is optimized with the Yoast SEO plugin v23.6 - https:\/\/yoast.com\/wordpress\/plugins\/seo\/ -->\n<title>Polityka ochrony danych osobowych - Sulima | Producent chemii dla domu i przemys\u0142u<\/title>\n<meta name=\"robots\" content=\"noindex, follow\" \/>\n<meta property=\"og:locale\" content=\"pl_PL\" \/>\n<meta property=\"og:type\" content=\"article\" \/>\n<meta property=\"og:title\" content=\"Polityka ochrony danych osobowych - Sulima | Producent chemii dla domu i przemys\u0142u\" \/>\n<meta property=\"og:description\" content=\"[vc_row type=&#8221;full_width_background&#8221; full_screen_row_position=&#8221;middle&#8221; column_margin=&#8221;default&#8221; column_direction=&#8221;default&#8221; column_direction_tablet=&#8221;default&#8221; column_direction_phone=&#8221;default&#8221; bg_color=&#8221;#df0a2c&#8221; scene_position=&#8221;center&#8221; top_padding=&#8221;3%&#8221; bottom_padding=&#8221;2%&#8221; text_color=&#8221;dark&#8221; text_align=&#8221;left&#8221; row_border_radius=&#8221;none&#8221; row_border_radius_applies=&#8221;bg&#8221; overlay_strength=&#8221;0.3&#8243; gradient_direction=&#8221;left_to_right&#8221; shape_divider_position=&#8221;bottom&#8221; bg_image_animation=&#8221;none&#8221; shape_type=&#8221;&#8221;][vc_column column_padding=&#8221;no-extra-padding&#8221; column_padding_tablet=&#8221;inherit&#8221; column_padding_phone=&#8221;inherit&#8221; column_padding_position=&#8221;all&#8221; background_color_opacity=&#8221;1&#8243;...\" \/>\n<meta property=\"og:url\" content=\"https:\/\/sulima.pl\/index.php\/polityka-ochrony-danych-osobowych\/\" \/>\n<meta property=\"og:site_name\" content=\"Sulima | Producent chemii dla domu i przemys\u0142u\" \/>\n<meta property=\"article:modified_time\" content=\"2024-04-29T08:35:29+00:00\" \/>\n<meta name=\"twitter:card\" content=\"summary_large_image\" \/>\n<meta name=\"twitter:label1\" content=\"Szacowany czas czytania\" \/>\n\t<meta name=\"twitter:data1\" content=\"4 minuty\" \/>\n<script type=\"application\/ld+json\" class=\"yoast-schema-graph\">{\"@context\":\"https:\/\/schema.org\",\"@graph\":[{\"@type\":\"WebPage\",\"@id\":\"https:\/\/sulima.pl\/index.php\/polityka-ochrony-danych-osobowych\/\",\"url\":\"https:\/\/sulima.pl\/index.php\/polityka-ochrony-danych-osobowych\/\",\"name\":\"Polityka ochrony danych osobowych - Sulima | Producent chemii dla domu i przemys\u0142u\",\"isPartOf\":{\"@id\":\"https:\/\/sulima.pl\/#website\"},\"datePublished\":\"2021-01-08T13:17:17+00:00\",\"dateModified\":\"2024-04-29T08:35:29+00:00\",\"breadcrumb\":{\"@id\":\"https:\/\/sulima.pl\/index.php\/polityka-ochrony-danych-osobowych\/#breadcrumb\"},\"inLanguage\":\"pl-PL\",\"potentialAction\":[{\"@type\":\"ReadAction\",\"target\":[\"https:\/\/sulima.pl\/index.php\/polityka-ochrony-danych-osobowych\/\"]}]},{\"@type\":\"BreadcrumbList\",\"@id\":\"https:\/\/sulima.pl\/index.php\/polityka-ochrony-danych-osobowych\/#breadcrumb\",\"itemListElement\":[{\"@type\":\"ListItem\",\"position\":1,\"name\":\"Strona g\u0142\u00f3wna\",\"item\":\"https:\/\/sulima.pl\/\"},{\"@type\":\"ListItem\",\"position\":2,\"name\":\"Polityka ochrony danych osobowych\"}]},{\"@type\":\"WebSite\",\"@id\":\"https:\/\/sulima.pl\/#website\",\"url\":\"https:\/\/sulima.pl\/\",\"name\":\"Sulima | Producent chemii dla domu i przemys\u0142u\",\"description\":\"pasty \u017cele do mycia r\u0105k p\u0142yny koncentraty myj\u0105ce \u015brodki chemiczne\",\"potentialAction\":[{\"@type\":\"SearchAction\",\"target\":{\"@type\":\"EntryPoint\",\"urlTemplate\":\"https:\/\/sulima.pl\/?s={search_term_string}\"},\"query-input\":{\"@type\":\"PropertyValueSpecification\",\"valueRequired\":true,\"valueName\":\"search_term_string\"}}],\"inLanguage\":\"pl-PL\"}]}<\/script>\n<!-- \/ Yoast SEO plugin. -->","yoast_head_json":{"title":"Polityka ochrony danych osobowych - Sulima | Producent chemii dla domu i przemys\u0142u","robots":{"index":"noindex","follow":"follow"},"og_locale":"pl_PL","og_type":"article","og_title":"Polityka ochrony danych osobowych - Sulima | Producent chemii dla domu i przemys\u0142u","og_description":"[vc_row type=&#8221;full_width_background&#8221; full_screen_row_position=&#8221;middle&#8221; column_margin=&#8221;default&#8221; column_direction=&#8221;default&#8221; column_direction_tablet=&#8221;default&#8221; column_direction_phone=&#8221;default&#8221; bg_color=&#8221;#df0a2c&#8221; scene_position=&#8221;center&#8221; top_padding=&#8221;3%&#8221; bottom_padding=&#8221;2%&#8221; text_color=&#8221;dark&#8221; text_align=&#8221;left&#8221; row_border_radius=&#8221;none&#8221; row_border_radius_applies=&#8221;bg&#8221; overlay_strength=&#8221;0.3&#8243; gradient_direction=&#8221;left_to_right&#8221; shape_divider_position=&#8221;bottom&#8221; bg_image_animation=&#8221;none&#8221; shape_type=&#8221;&#8221;][vc_column column_padding=&#8221;no-extra-padding&#8221; column_padding_tablet=&#8221;inherit&#8221; column_padding_phone=&#8221;inherit&#8221; column_padding_position=&#8221;all&#8221; background_color_opacity=&#8221;1&#8243;...","og_url":"https:\/\/sulima.pl\/index.php\/polityka-ochrony-danych-osobowych\/","og_site_name":"Sulima | Producent chemii dla domu i przemys\u0142u","article_modified_time":"2024-04-29T08:35:29+00:00","twitter_card":"summary_large_image","twitter_misc":{"Szacowany czas czytania":"4 minuty"},"schema":{"@context":"https:\/\/schema.org","@graph":[{"@type":"WebPage","@id":"https:\/\/sulima.pl\/index.php\/polityka-ochrony-danych-osobowych\/","url":"https:\/\/sulima.pl\/index.php\/polityka-ochrony-danych-osobowych\/","name":"Polityka ochrony danych osobowych - Sulima | Producent chemii dla domu i przemys\u0142u","isPartOf":{"@id":"https:\/\/sulima.pl\/#website"},"datePublished":"2021-01-08T13:17:17+00:00","dateModified":"2024-04-29T08:35:29+00:00","breadcrumb":{"@id":"https:\/\/sulima.pl\/index.php\/polityka-ochrony-danych-osobowych\/#breadcrumb"},"inLanguage":"pl-PL","potentialAction":[{"@type":"ReadAction","target":["https:\/\/sulima.pl\/index.php\/polityka-ochrony-danych-osobowych\/"]}]},{"@type":"BreadcrumbList","@id":"https:\/\/sulima.pl\/index.php\/polityka-ochrony-danych-osobowych\/#breadcrumb","itemListElement":[{"@type":"ListItem","position":1,"name":"Strona g\u0142\u00f3wna","item":"https:\/\/sulima.pl\/"},{"@type":"ListItem","position":2,"name":"Polityka ochrony danych osobowych"}]},{"@type":"WebSite","@id":"https:\/\/sulima.pl\/#website","url":"https:\/\/sulima.pl\/","name":"Sulima | Producent chemii dla domu i przemys\u0142u","description":"pasty \u017cele do mycia r\u0105k p\u0142yny koncentraty myj\u0105ce \u015brodki chemiczne","potentialAction":[{"@type":"SearchAction","target":{"@type":"EntryPoint","urlTemplate":"https:\/\/sulima.pl\/?s={search_term_string}"},"query-input":{"@type":"PropertyValueSpecification","valueRequired":true,"valueName":"search_term_string"}}],"inLanguage":"pl-PL"}]}},"_links":{"self":[{"href":"https:\/\/sulima.pl\/index.php\/wp-json\/wp\/v2\/pages\/5871"}],"collection":[{"href":"https:\/\/sulima.pl\/index.php\/wp-json\/wp\/v2\/pages"}],"about":[{"href":"https:\/\/sulima.pl\/index.php\/wp-json\/wp\/v2\/types\/page"}],"author":[{"embeddable":true,"href":"https:\/\/sulima.pl\/index.php\/wp-json\/wp\/v2\/users\/1"}],"replies":[{"embeddable":true,"href":"https:\/\/sulima.pl\/index.php\/wp-json\/wp\/v2\/comments?post=5871"}],"version-history":[{"count":0,"href":"https:\/\/sulima.pl\/index.php\/wp-json\/wp\/v2\/pages\/5871\/revisions"}],"wp:attachment":[{"href":"https:\/\/sulima.pl\/index.php\/wp-json\/wp\/v2\/media?parent=5871"}],"curies":[{"name":"wp","href":"https:\/\/api.w.org\/{rel}","templated":true}]}}